{"id":934,"date":"2020-02-19T15:47:20","date_gmt":"2020-02-19T13:47:20","guid":{"rendered":"https:\/\/alulakool.edu.ee\/?page_id=934"},"modified":"2025-10-08T06:31:14","modified_gmt":"2025-10-08T03:31:14","slug":"lasteaia-dokumendid","status":"publish","type":"page","link":"https:\/\/alulakool.edu.ee\/?page_id=934","title":{"rendered":"Lasteaia dokumendid"},"content":{"rendered":"<p>Siit leiate Alu Kooli lasteaeda puudutavad dokumendid:<\/p>\r\n<p><a href=\"https:\/\/alulakool.edu.ee\/wp-content\/uploads\/2024\/05\/Alu-Kool-lasteaia-kodukord-2024.docx\">Alu Kool lasteaia kodukord 2024<\/a><\/p>\r\n<p><a href=\"https:\/\/alulakool.edu.ee\/wp-content\/uploads\/2025\/09\/Uldtooplaan-2025-2026.docx.pdf\" rel=\"attachment wp-att-2802\">U\u0308ldto\u0308o\u0308plaan 2025-2026.docx<\/a><\/p>\r\n<p><a href=\"https:\/\/alulakool.edu.ee\/wp-content\/uploads\/2023\/03\/Lasteaia-avaldus-vastuvotmiseks-1.docx\">Avaldus &#8211; lasteaeda vastuv\u00f5tmise blankett<\/a><\/p>\r\n<p><a href=\"https:\/\/alulakool.edu.ee\/wp-content\/uploads\/2020\/11\/avaldus-Lasteaiast-lahkumise-blankett.doc\">Avaldus- lasteaiast lahkumise blankett<\/a><\/p>\r\n<p><a href=\"https:\/\/alulakool.edu.ee\/wp-content\/uploads\/2022\/06\/AVALIKU-KONKURSI-KORD-PEDAGOOGI-VABALE-AMETIKOHALE-hoolekogu-kehtestusega.doc\">AVALIKU KONKURSI KORD PEDAGOOGI VABALE AMETIKOHALE hoolekogu kehtestusega<\/a><\/p>\r\n<p><a href=\"https:\/\/alulakool.edu.ee\/wp-content\/uploads\/2020\/09\/Alu-Kooli-lasteaia-\u00f5ppekava-2020.pdf\">Alu Kooli lasteaia \u00f5ppekava 2020<\/a><\/p>\r\n<p><a href=\"https:\/\/alulakool.edu.ee\/wp-content\/uploads\/2020\/09\/Rapla-valla-koolieelsete-lasteasutuste-teeninduspiirkond.pdf\">Rapla-valla-koolieelsete-lasteasutuste-teeninduspiirkond<\/a><\/p>\r\n<p><a href=\"https:\/\/www.riigiteataja.ee\/akt\/404102025021\">Lapse koolieelsesse lasteasutusse vastuv\u00f5tmise, sealt v\u00e4ljaarvamise kord Rapla vallas<\/a><\/p>\r\n<p><a href=\"https:\/\/www.riigiteataja.ee\/akt\/401102025037\">Osalustasu ja toidukulu p\u00e4evamaksumus Rapla valla munitsipaallasteasutustes<\/a><\/p>\r\n<p><a href=\"https:\/\/alulakool.edu.ee\/wp-content\/uploads\/2024\/12\/Alu-Kooli-arengukava-2024-2028.pdf\">Alu Kooli arengukava 2024-2028<\/a><\/p>\r\n\r\n<p>&nbsp;<\/p>\r\n\r\n\r\n\r\n<p>&nbsp;<\/p>\r\n","protected":false},"excerpt":{"rendered":"<p>Siit leiate Alu Kooli lasteaeda puudutavad dokumendid: Alu Kool lasteaia kodukord 2024 U\u0308ldto\u0308o\u0308plaan 2025-2026.docx Avaldus &#8211; lasteaeda vastuv\u00f5tmise blankett Avaldus- lasteaiast lahkumise blankett AVALIKU KONKURSI KORD PEDAGOOGI VABALE AMETIKOHALE hoolekogu kehtestusega Alu Kooli lasteaia \u00f5ppekava 2020 Rapla-valla-koolieelsete-lasteasutuste-teeninduspiirkond Lapse koolieelsesse lasteasutusse vastuv\u00f5tmise, sealt v\u00e4ljaarvamise kord Rapla vallas Osalustasu ja toidukulu p\u00e4evamaksumus Rapla valla munitsipaallasteasutustes Alu Kooli [&hellip;]<\/p>\n","protected":false},"author":2,"featured_media":0,"parent":0,"menu_order":0,"comment_status":"closed","ping_status":"closed","template":"","meta":{"footnotes":""},"class_list":["post-934","page","type-page","status-publish","hentry"],"_links":{"self":[{"href":"https:\/\/alulakool.edu.ee\/index.php?rest_route=\/wp\/v2\/pages\/934","targetHints":{"allow":["GET"]}}],"collection":[{"href":"https:\/\/alulakool.edu.ee\/index.php?rest_route=\/wp\/v2\/pages"}],"about":[{"href":"https:\/\/alulakool.edu.ee\/index.php?rest_route=\/wp\/v2\/types\/page"}],"author":[{"embeddable":true,"href":"https:\/\/alulakool.edu.ee\/index.php?rest_route=\/wp\/v2\/users\/2"}],"replies":[{"embeddable":true,"href":"https:\/\/alulakool.edu.ee\/index.php?rest_route=%2Fwp%2Fv2%2Fcomments&post=934"}],"version-history":[{"count":37,"href":"https:\/\/alulakool.edu.ee\/index.php?rest_route=\/wp\/v2\/pages\/934\/revisions"}],"predecessor-version":[{"id":2845,"href":"https:\/\/alulakool.edu.ee\/index.php?rest_route=\/wp\/v2\/pages\/934\/revisions\/2845"}],"wp:attachment":[{"href":"https:\/\/alulakool.edu.ee\/index.php?rest_route=%2Fwp%2Fv2%2Fmedia&parent=934"}],"curies":[{"name":"wp","href":"https:\/\/api.w.org\/{rel}","templated":true}]}}