{"id":93,"date":"2018-08-15T16:20:40","date_gmt":"2018-08-15T13:20:40","guid":{"rendered":"https:\/\/alulakool.edu.ee\/?page_id=93"},"modified":"2025-09-26T02:43:49","modified_gmt":"2025-09-25T23:43:49","slug":"uldinfo-2","status":"publish","type":"page","link":"https:\/\/alulakool.edu.ee\/?page_id=93","title":{"rendered":"\u00dcldinfo"},"content":{"rendered":"<p>Alu Kool v\u00f5imaldab alushariduse (1,5 &#8211; 7 aastaste laste) ja p\u00f5hihariduse omandamist I \u2013 II kooliastmes (1.-<br \/>4. klass) kodukoha koolis, mis asub looduskaunis ajaloolises Alu pargis.<\/p>\r\n<p style=\"text-align: left;\">Alu Koolis t\u00f6\u00f6tab 3 lasteaiar\u00fchma, 1 lastehoiur\u00fchm ja 1 liitr\u00fchm, neist 4 r\u00fchma asuvad Alu Kooli Alu aleviku majas ja 1 liitr\u00fchm Kodilas (endises Kodila koolimajas) ja koolis 9 klassikomplekti, sh 5 eriklassi komplekti.<\/p>\r\n<p>Lasteaed on liitunud: Hea Alguse (osaliselt) ja Kiusamisest Vabaks metoodikaga, toimub projekt\u00f5pe.<br \/>Kool on liitunud programmidega:\u00a0 Kiusamisest Vabaks, Tervist Edendav Kool ja Liikuma Kutsuv<br \/>Kool.<\/p>\r\n<p>Projektid, koost\u00f6\u00f6partnerid on: Tervist Edendav Kool, Liikuma Kutsuv Kool, Rapla Vallavalitsus,<br \/>Raplamaa Omavalitsuste Liit, Kaitseliit, Keskkonnainvesteeringute Keskus (edaspidi KIK).<\/p>\r\n<h4><strong><span style=\"color: #00ccff;\">Kooli logo<\/span><\/strong><\/h4>\r\n\r\n<figure class=\"wp-block-image size-large is-resized\"><img loading=\"lazy\" decoding=\"async\" class=\"wp-image-2409\" src=\"https:\/\/alulakool.edu.ee\/wp-content\/uploads\/2024\/11\/Alukooli-logopilt--1024x722.jpg\" alt=\"\" width=\"343\" height=\"242\" srcset=\"https:\/\/alulakool.edu.ee\/wp-content\/uploads\/2024\/11\/Alukooli-logopilt--1024x722.jpg 1024w, https:\/\/alulakool.edu.ee\/wp-content\/uploads\/2024\/11\/Alukooli-logopilt--300x211.jpg 300w, https:\/\/alulakool.edu.ee\/wp-content\/uploads\/2024\/11\/Alukooli-logopilt--768x541.jpg 768w, https:\/\/alulakool.edu.ee\/wp-content\/uploads\/2024\/11\/Alukooli-logopilt--1536x1083.jpg 1536w, https:\/\/alulakool.edu.ee\/wp-content\/uploads\/2024\/11\/Alukooli-logopilt--2048x1444.jpg 2048w\" sizes=\"auto, (max-width: 343px) 100vw, 343px\" \/><\/figure>\r\n\r\n<figure class=\"wp-block-image size-large is-resized\"><span style=\"color: #00ccff;\"><strong>Kooli\u00a0tunnuslause<\/strong><\/span><\/figure>\r\n<figure class=\"wp-block-image size-large is-resized\">Iga laps on kordumatu!<\/figure>\r\n<p><strong>Missioon:<\/strong><\/p>\r\n<p>Me v\u00e4\u00e4rtustame iga\u00fche v\u00f5imeid, \u00f5pihimu ja oskusi ning panustame koost\u00f6\u00f6sse, austades ja hoolides, et luua tugev alus edasi\u00f5ppimiseks ning hakkama saamiseks kogu eluks. Me p\u00fchendume v\u00f5imaldama \u00f5ppijatele parimat v\u00f5imetekohast arengut ja haridust, s\u00e4ilitades samal ajal traditsioone ja tehes tihedat koost\u00f6\u00f6d kogukonnaga.<\/p>\r\n<p><strong>Visioon:<\/strong><\/p>\r\n<p>Alu Kooli kogukond on \u00f5nnelik, avatud ja uudishimulik ning suudab luua toetavaid ja s\u00f5bralikke suhteid nii iseenda kui ka teistega. Meie \u00f5ppurid on igap\u00e4evaelus osavad ja enesekindlad ning Alu Koolis t\u00f6\u00f6tavad s\u00e4ravad, aktiivsed ja iseennast juhtivad \u00f5petajad ja t\u00f6\u00f6tajad.<\/p>\r\n<p><strong>P\u00f5hiv\u00e4\u00e4rtused<\/strong><\/p>\r\n<p><strong>Inimene on v\u00e4\u00e4rtus \u2013 laps, \u00f5pilane, vanem, \u00f5petaja, t\u00f6\u00f6taja.<\/strong><\/p>\r\n<p>Alu kooli peamised v\u00e4\u00e4rtused keskenduvad laste terviklikule arengule, toetades nii nende sotsiaalset, emotsionaalset, intellektuaalset kui ka f\u00fc\u00fcsilist kasvu. J\u00e4rgmised v\u00e4\u00e4rtused aitavad luua toetava, hooliva ja motiveeriva keskkonna, kus k\u00f5ik tunnevad end olulise ja kaasatuna.<\/p>\r\n<p><strong>1) Hoolivus<\/strong> \u2013 teiste ja enda heaolu ning vajaduste austamine ning toetamine, oleme empaatilised, abivalmis ja toetavad. T\u00e4idame kokkuleppeid ja oleme sallivad ja lugupidavad nii elusolendite kui looduse vastu, v\u00e4\u00e4rtustame keskkonda.<\/p>\r\n<p><strong>2) Koost\u00f6\u00f6\u00a0 \u2013 <\/strong>meil on \u00fchine eesm\u00e4rk, mille me omavahel kokku lepime, mida kommunikeerime, et\u00a0 m\u00f5ista \u00fcksteise seisukohti, vajadusi ja sihte. Toetades kaaslasi nii emotsionaalsel, sotsiaalsel kui praktilisel tasandil. Koost\u00f6\u00f6 eesm\u00e4rgiks on, et erinevate vaadete ja oskustega inimestel oleks v\u00f5imalik \u00fchiselt lahendada probleeme ja leida loomingulisi lahendusi, areneda ning omandada haridust.<\/p>\r\n<p><strong>3) Sallivus<\/strong> <strong>\u2013<\/strong> oleme avatud ja aktsepteeriva suhtumisega, teiste arvamuste, kultuuride ja elustiilide suhtes, isegi kui need erinevad meie enda omadest. Sallivus h\u00f5lmab v\u00f5imet aktsepteerida mitmekesisust ja austada teiste \u00f5igust oma arvamusele ja v\u00e4\u00e4rtustele. Sallivus toetab harmoonilist koost\u00f6\u00f6d ja aitab v\u00e4hendada konflikte ning arusaamatusi.<\/p>\r\n<p><strong>4) Ausus \u2013 <\/strong>ennek\u00f5ike iseenda ja teiste suhtes, ausus loob usalduslikku keskkonda, kus liikmed saavad toetuda \u00fcksteisele ja usaldada, et me k\u00e4itume \u00f5igesti ja eetiliselt. Aus suhtlemine aitab ennetada ja vajadusel lahendada arusaamatusi ja konflikte, kuna liikmed on avatud ning valmis probleeme arutama. Ausus aitab kujundada positiivset ja toetavat kultuuri, kus iga\u00fche panust hinnatakse ja v\u00e4\u00e4rtustatakse.<\/p>\r\n<h5>\u00a0<\/h5>","protected":false},"excerpt":{"rendered":"<p>Alu Kool v\u00f5imaldab alushariduse (1,5 &#8211; 7 aastaste laste) ja p\u00f5hihariduse omandamist I \u2013 II kooliastmes (1.-4. klass) kodukoha koolis, mis asub looduskaunis ajaloolises Alu pargis. Alu Koolis t\u00f6\u00f6tab 3 lasteaiar\u00fchma, 1 lastehoiur\u00fchm ja 1 liitr\u00fchm, neist 4 r\u00fchma asuvad Alu Kooli Alu aleviku majas ja 1 liitr\u00fchm Kodilas (endises Kodila koolimajas) ja koolis 9 [&hellip;]<\/p>\n","protected":false},"author":1,"featured_media":0,"parent":0,"menu_order":1,"comment_status":"closed","ping_status":"closed","template":"","meta":{"footnotes":""},"class_list":["post-93","page","type-page","status-publish","hentry"],"_links":{"self":[{"href":"https:\/\/alulakool.edu.ee\/index.php?rest_route=\/wp\/v2\/pages\/93","targetHints":{"allow":["GET"]}}],"collection":[{"href":"https:\/\/alulakool.edu.ee\/index.php?rest_route=\/wp\/v2\/pages"}],"about":[{"href":"https:\/\/alulakool.edu.ee\/index.php?rest_route=\/wp\/v2\/types\/page"}],"author":[{"embeddable":true,"href":"https:\/\/alulakool.edu.ee\/index.php?rest_route=\/wp\/v2\/users\/1"}],"replies":[{"embeddable":true,"href":"https:\/\/alulakool.edu.ee\/index.php?rest_route=%2Fwp%2Fv2%2Fcomments&post=93"}],"version-history":[{"count":10,"href":"https:\/\/alulakool.edu.ee\/index.php?rest_route=\/wp\/v2\/pages\/93\/revisions"}],"predecessor-version":[{"id":2823,"href":"https:\/\/alulakool.edu.ee\/index.php?rest_route=\/wp\/v2\/pages\/93\/revisions\/2823"}],"wp:attachment":[{"href":"https:\/\/alulakool.edu.ee\/index.php?rest_route=%2Fwp%2Fv2%2Fmedia&parent=93"}],"curies":[{"name":"wp","href":"https:\/\/api.w.org\/{rel}","templated":true}]}}