{"id":807,"date":"2019-11-06T12:23:26","date_gmt":"2019-11-06T10:23:26","guid":{"rendered":"https:\/\/alulakool.edu.ee\/?page_id=807"},"modified":"2026-01-22T10:53:21","modified_gmt":"2026-01-22T08:53:21","slug":"hoolekogu","status":"publish","type":"page","link":"https:\/\/alulakool.edu.ee\/?page_id=807","title":{"rendered":"Hoolekogu"},"content":{"rendered":"<h3><strong>Alu Kooli hoolekogu koosseis 2025\/2026. \u00f5ppeaastal<\/strong><\/h3>\n<p><strong>Tuuli Kaasik\u00a0&#8211; Hoolekogu esinaine<\/strong>, II klassi esindaja<\/p>\n<p><strong>Kadri-Liis Sits <\/strong>&#8211; Kaisukarude r\u00fchma esindaja<\/p>\n<p><strong>Barbara Kens<\/strong>\u00a0&#8211; P\u00e4ikesej\u00e4nkude ja M\u00fcrakarude r\u00fchma esindaja<\/p>\n<p><strong>Maria Pihlas<\/strong>\u00a0&#8211; Naerulindude r\u00fchma esindaja<\/p>\n<p><strong>\u00dcllar Piir<\/strong>\u00a0&#8211; Kodila Metsap\u00f5nnide r\u00fchma esindaja<\/p>\n<p><strong>Rauno Laht <\/strong>&#8211; I klassi esindaja<\/p>\n<p><strong>Rando S\u00e4inas<\/strong>\u00a0&#8211; III klassi esindaja<\/p>\n<p><strong>\u00dclle- Lea Rebane- Saar<\/strong>\u00a0&#8211; IV klassi esindaja<\/p>\n<p><strong>Kristel Reemi <\/strong>&#8211; eriklasside esindaja<\/p>\n<p><strong>Helen M\u00e4ev\u00e4lja<\/strong>\u00a0&#8211; lasteaia\u00f5petajate esindaja<\/p>\n<p><strong>Karin Radiko<\/strong>\u00a0&#8211; kooli\u00f5petajate esindaja<\/p>\n<p><strong>Liis Kivisalu<\/strong>\u00a0&#8211; vilistlaste esindaja<\/p>\n<p><strong>Jaanus Benjamin<\/strong> &#8211; lapsevanem, ettev\u00f5tjate esindaja<\/p>\n<p><strong>Janely Susi <\/strong>\u00a0&#8211; KOV esindaja<\/p>\n","protected":false},"excerpt":{"rendered":"<p>Alu Kooli hoolekogu koosseis 2025\/2026. \u00f5ppeaastal Tuuli Kaasik\u00a0&#8211; Hoolekogu esinaine, II klassi esindaja Kadri-Liis Sits &#8211; Kaisukarude r\u00fchma esindaja Barbara Kens\u00a0&#8211; P\u00e4ikesej\u00e4nkude ja M\u00fcrakarude r\u00fchma esindaja Maria Pihlas\u00a0&#8211; Naerulindude r\u00fchma esindaja \u00dcllar Piir\u00a0&#8211; Kodila Metsap\u00f5nnide r\u00fchma esindaja Rauno Laht &#8211; I klassi esindaja Rando S\u00e4inas\u00a0&#8211; III klassi esindaja \u00dclle- Lea Rebane- Saar\u00a0&#8211; IV klassi esindaja [&hellip;]<\/p>\n","protected":false},"author":2,"featured_media":0,"parent":0,"menu_order":0,"comment_status":"closed","ping_status":"closed","template":"","meta":{"footnotes":""},"class_list":["post-807","page","type-page","status-publish","hentry"],"_links":{"self":[{"href":"https:\/\/alulakool.edu.ee\/index.php?rest_route=\/wp\/v2\/pages\/807","targetHints":{"allow":["GET"]}}],"collection":[{"href":"https:\/\/alulakool.edu.ee\/index.php?rest_route=\/wp\/v2\/pages"}],"about":[{"href":"https:\/\/alulakool.edu.ee\/index.php?rest_route=\/wp\/v2\/types\/page"}],"author":[{"embeddable":true,"href":"https:\/\/alulakool.edu.ee\/index.php?rest_route=\/wp\/v2\/users\/2"}],"replies":[{"embeddable":true,"href":"https:\/\/alulakool.edu.ee\/index.php?rest_route=%2Fwp%2Fv2%2Fcomments&post=807"}],"version-history":[{"count":15,"href":"https:\/\/alulakool.edu.ee\/index.php?rest_route=\/wp\/v2\/pages\/807\/revisions"}],"predecessor-version":[{"id":3011,"href":"https:\/\/alulakool.edu.ee\/index.php?rest_route=\/wp\/v2\/pages\/807\/revisions\/3011"}],"wp:attachment":[{"href":"https:\/\/alulakool.edu.ee\/index.php?rest_route=%2Fwp%2Fv2%2Fmedia&parent=807"}],"curies":[{"name":"wp","href":"https:\/\/api.w.org\/{rel}","templated":true}]}}