{"id":780,"date":"2019-11-05T09:04:20","date_gmt":"2019-11-05T07:04:20","guid":{"rendered":"https:\/\/alulakool.edu.ee\/?page_id=780"},"modified":"2025-10-01T15:12:41","modified_gmt":"2025-10-01T12:12:41","slug":"kooli-personal","status":"publish","type":"page","link":"https:\/\/alulakool.edu.ee\/?page_id=780","title":{"rendered":"Kooli \u00f5petajad"},"content":{"rendered":"<h2><strong>Alu Kooli \u00f5petajad<\/strong><\/h2>\r\n<p><strong>I klass<\/strong><\/p>\r\n<p>Evelin Lelov ja Tiina Toompuu<\/p>\r\n<p><strong>II klass<\/strong><\/p>\r\n<p>Piret Linnam\u00e4e, Anu Kaeval ja Marju Teiverlaur<\/p>\r\n<p><strong>III klass<\/strong><\/p>\r\n<p>Karin Radiko ja Tiina Kaffer<\/p>\r\n<p><strong>IV klass<\/strong><\/p>\r\n<p>Marika Raudauk ja Gerda S\u00f5\u00f5rumaa<\/p>\r\n<p><strong>Kehaline kasvatus<\/strong><\/p>\r\n<p>Virve P\u00e4rn<\/p>\r\n<p><strong>Muusika<\/strong><\/p>\r\n<p>Annika Karindi<\/p>\r\n<p><strong>Pikap\u00e4evar\u00fchma \u00f5petaja<\/strong><\/p>\r\n<p>Anu Kaeval, Karin Radiko ja Annika Karindi<\/p>\r\n<p><strong>Inglise keel<\/strong><\/p>\r\n<p>Piret Linnam\u00e4e, Evelin Lelov, Gerda S\u00f5\u00f5rumaa<\/p>\r\n\r\n<p>&nbsp;<\/p>\r\n\r\n\r\n","protected":false},"excerpt":{"rendered":"<p>Alu Kooli \u00f5petajad I klass Evelin Lelov ja Tiina Toompuu II klass Piret Linnam\u00e4e, Anu Kaeval ja Marju Teiverlaur III klass Karin Radiko ja Tiina Kaffer IV klass Marika Raudauk ja Gerda S\u00f5\u00f5rumaa Kehaline kasvatus Virve P\u00e4rn Muusika Annika Karindi Pikap\u00e4evar\u00fchma \u00f5petaja Anu Kaeval, Karin Radiko ja Annika Karindi Inglise keel Piret Linnam\u00e4e, Evelin Lelov, [&hellip;]<\/p>\n","protected":false},"author":2,"featured_media":0,"parent":0,"menu_order":0,"comment_status":"closed","ping_status":"closed","template":"","meta":{"footnotes":""},"class_list":["post-780","page","type-page","status-publish","hentry"],"_links":{"self":[{"href":"https:\/\/alulakool.edu.ee\/index.php?rest_route=\/wp\/v2\/pages\/780","targetHints":{"allow":["GET"]}}],"collection":[{"href":"https:\/\/alulakool.edu.ee\/index.php?rest_route=\/wp\/v2\/pages"}],"about":[{"href":"https:\/\/alulakool.edu.ee\/index.php?rest_route=\/wp\/v2\/types\/page"}],"author":[{"embeddable":true,"href":"https:\/\/alulakool.edu.ee\/index.php?rest_route=\/wp\/v2\/users\/2"}],"replies":[{"embeddable":true,"href":"https:\/\/alulakool.edu.ee\/index.php?rest_route=%2Fwp%2Fv2%2Fcomments&post=780"}],"version-history":[{"count":19,"href":"https:\/\/alulakool.edu.ee\/index.php?rest_route=\/wp\/v2\/pages\/780\/revisions"}],"predecessor-version":[{"id":2833,"href":"https:\/\/alulakool.edu.ee\/index.php?rest_route=\/wp\/v2\/pages\/780\/revisions\/2833"}],"wp:attachment":[{"href":"https:\/\/alulakool.edu.ee\/index.php?rest_route=%2Fwp%2Fv2%2Fmedia&parent=780"}],"curies":[{"name":"wp","href":"https:\/\/api.w.org\/{rel}","templated":true}]}}