{"id":77,"date":"2018-08-15T15:36:33","date_gmt":"2018-08-15T12:36:33","guid":{"rendered":"https:\/\/alulakool.edu.ee\/?page_id=77"},"modified":"2025-05-19T10:30:56","modified_gmt":"2025-05-19T07:30:56","slug":"dokumendid","status":"publish","type":"page","link":"https:\/\/alulakool.edu.ee\/?page_id=77","title":{"rendered":"Dokumendid"},"content":{"rendered":"<p>Laste ja \u00f5pilastega seotud avaldused (lasteaeda ja kooli \u00f5ppima asumise- v\u00f5i lahkumise avaldused) esitage palun https:\/\/arno.rapla.ee\/ keskkonnas.<\/p>\n<p>K\u00fcsimuste korral v\u00f5tke julgesti \u00fchendust tel. 56906778 , 4868349 v\u00f5i kirjutage aadressil <strong>kool@alulakool.edu.ee<\/strong><\/p>\n<h5><\/h5>\n","protected":false},"excerpt":{"rendered":"<p>Laste ja \u00f5pilastega seotud avaldused (lasteaeda ja kooli \u00f5ppima asumise- v\u00f5i lahkumise avaldused) esitage palun https:\/\/arno.rapla.ee\/ keskkonnas. K\u00fcsimuste korral v\u00f5tke julgesti \u00fchendust tel. 56906778 , 4868349 v\u00f5i kirjutage aadressil kool@alulakool.edu.ee<\/p>\n","protected":false},"author":2,"featured_media":0,"parent":0,"menu_order":0,"comment_status":"closed","ping_status":"closed","template":"","meta":{"footnotes":""},"class_list":["post-77","page","type-page","status-publish","hentry"],"_links":{"self":[{"href":"https:\/\/alulakool.edu.ee\/index.php?rest_route=\/wp\/v2\/pages\/77","targetHints":{"allow":["GET"]}}],"collection":[{"href":"https:\/\/alulakool.edu.ee\/index.php?rest_route=\/wp\/v2\/pages"}],"about":[{"href":"https:\/\/alulakool.edu.ee\/index.php?rest_route=\/wp\/v2\/types\/page"}],"author":[{"embeddable":true,"href":"https:\/\/alulakool.edu.ee\/index.php?rest_route=\/wp\/v2\/users\/2"}],"replies":[{"embeddable":true,"href":"https:\/\/alulakool.edu.ee\/index.php?rest_route=%2Fwp%2Fv2%2Fcomments&post=77"}],"version-history":[{"count":32,"href":"https:\/\/alulakool.edu.ee\/index.php?rest_route=\/wp\/v2\/pages\/77\/revisions"}],"predecessor-version":[{"id":2672,"href":"https:\/\/alulakool.edu.ee\/index.php?rest_route=\/wp\/v2\/pages\/77\/revisions\/2672"}],"wp:attachment":[{"href":"https:\/\/alulakool.edu.ee\/index.php?rest_route=%2Fwp%2Fv2%2Fmedia&parent=77"}],"curies":[{"name":"wp","href":"https:\/\/api.w.org\/{rel}","templated":true}]}}