{"id":727,"date":"2019-09-27T09:38:42","date_gmt":"2019-09-27T06:38:42","guid":{"rendered":"https:\/\/alulakool.edu.ee\/?page_id=727"},"modified":"2024-11-14T14:29:44","modified_gmt":"2024-11-14T12:29:44","slug":"andmekaitse","status":"publish","type":"page","link":"https:\/\/alulakool.edu.ee\/?page_id=727","title":{"rendered":"Andmekaitse"},"content":{"rendered":"<h5><\/h5>\n<h4><strong>Alu Kool juhindub isikuandmete t\u00f6\u00f6tlemisel kehtivatest isikuandmete t\u00f6\u00f6tlemist reguleerivatest \u00f5igusnormidest.<\/strong><\/h4>\n<h5>Isikuandmete kaitse seadus:<span style=\"color: #3366ff;\">\u00a0<span style=\"color: #6e81b8;\">https:\/\/www.riigiteataja.ee\/akt\/104012019011<\/span><\/span><\/h5>\n<h4><strong>Andmekaitse k\u00fcsimustes saab p\u00f6\u00f6rduda:<\/strong><\/h4>\n<h5>Alu Kooli andmekaitse kontaktisik <strong>Kristiine Vahtram\u00e4e, kristiine@alulakool.edu.ee, 56 906 778<\/strong><\/h5>\n<h5>Rapla valla sisekontrolli- ja andmekaitsespetsialist\u00a0<strong>Maie Teearu tel.\u00a05919 7640<\/strong><\/h5>\n<h5>Alu Kooli isikuandmeikaitse tingimustega saab tutvuda siin:\u00a0\u00a0<a href=\"https:\/\/alulakool.edu.ee\/wp-content\/uploads\/2019\/09\/Isikuandmete-kaitse-tingimused-2019-\u00f5iged.docx\">Isikuandmete kaitse tingimused 2019<\/a><\/h5>\n","protected":false},"excerpt":{"rendered":"<p>Alu Kool juhindub isikuandmete t\u00f6\u00f6tlemisel kehtivatest isikuandmete t\u00f6\u00f6tlemist reguleerivatest \u00f5igusnormidest. Isikuandmete kaitse seadus:\u00a0https:\/\/www.riigiteataja.ee\/akt\/104012019011 Andmekaitse k\u00fcsimustes saab p\u00f6\u00f6rduda: Alu Kooli andmekaitse kontaktisik Kristiine Vahtram\u00e4e, kristiine@alulakool.edu.ee, 56 906 778 Rapla valla sisekontrolli- ja andmekaitsespetsialist\u00a0Maie Teearu tel.\u00a05919 7640 Alu Kooli isikuandmeikaitse tingimustega saab tutvuda siin:\u00a0\u00a0Isikuandmete kaitse tingimused 2019<\/p>\n","protected":false},"author":2,"featured_media":0,"parent":0,"menu_order":0,"comment_status":"closed","ping_status":"closed","template":"","meta":{"footnotes":""},"class_list":["post-727","page","type-page","status-publish","hentry"],"_links":{"self":[{"href":"https:\/\/alulakool.edu.ee\/index.php?rest_route=\/wp\/v2\/pages\/727","targetHints":{"allow":["GET"]}}],"collection":[{"href":"https:\/\/alulakool.edu.ee\/index.php?rest_route=\/wp\/v2\/pages"}],"about":[{"href":"https:\/\/alulakool.edu.ee\/index.php?rest_route=\/wp\/v2\/types\/page"}],"author":[{"embeddable":true,"href":"https:\/\/alulakool.edu.ee\/index.php?rest_route=\/wp\/v2\/users\/2"}],"replies":[{"embeddable":true,"href":"https:\/\/alulakool.edu.ee\/index.php?rest_route=%2Fwp%2Fv2%2Fcomments&post=727"}],"version-history":[{"count":6,"href":"https:\/\/alulakool.edu.ee\/index.php?rest_route=\/wp\/v2\/pages\/727\/revisions"}],"predecessor-version":[{"id":2724,"href":"https:\/\/alulakool.edu.ee\/index.php?rest_route=\/wp\/v2\/pages\/727\/revisions\/2724"}],"wp:attachment":[{"href":"https:\/\/alulakool.edu.ee\/index.php?rest_route=%2Fwp%2Fv2%2Fmedia&parent=727"}],"curies":[{"name":"wp","href":"https:\/\/api.w.org\/{rel}","templated":true}]}}