{"id":662,"date":"2019-09-12T10:59:45","date_gmt":"2019-09-12T07:59:45","guid":{"rendered":"https:\/\/alulakool.edu.ee\/?page_id=662"},"modified":"2026-02-01T00:02:41","modified_gmt":"2026-01-31T22:02:41","slug":"huviringid","status":"publish","type":"page","link":"https:\/\/alulakool.edu.ee\/?page_id=662","title":{"rendered":"Huviringid"},"content":{"rendered":"<p><a href=\"https:\/\/alulakool.edu.ee\/?attachment_id=3040\" rel=\"attachment wp-att-2842\"><img loading=\"lazy\" decoding=\"async\" class=\"alignnone wp-image-3040 size-full\" src=\"https:\/\/alulakool.edu.ee\/wp-content\/uploads\/2026\/02\/Kooli-huviringid-02.2026.jpg\" alt=\"\" width=\"842\" height=\"595\" srcset=\"https:\/\/alulakool.edu.ee\/wp-content\/uploads\/2026\/02\/Kooli-huviringid-02.2026.jpg 842w, https:\/\/alulakool.edu.ee\/wp-content\/uploads\/2026\/02\/Kooli-huviringid-02.2026-300x212.jpg 300w, https:\/\/alulakool.edu.ee\/wp-content\/uploads\/2026\/02\/Kooli-huviringid-02.2026-768x543.jpg 768w\" sizes=\"auto, (max-width: 842px) 100vw, 842px\" \/><\/a>Huvitegevus on koolis toimuv v\u00f5i kooli korraldatud \u00f5ppekava l\u00e4bimist toetav v\u00f5i muu \u00f5ppekavav\u00e4line tegevus, mis on \u00f5pilasele tasuta.<\/p>\r\n\r\n\r\n\r\n<p>&nbsp;<\/p>\r\n","protected":false},"excerpt":{"rendered":"<p>Huvitegevus on koolis toimuv v\u00f5i kooli korraldatud \u00f5ppekava l\u00e4bimist toetav v\u00f5i muu \u00f5ppekavav\u00e4line tegevus, mis on \u00f5pilasele tasuta. &nbsp;<\/p>\n","protected":false},"author":2,"featured_media":0,"parent":0,"menu_order":0,"comment_status":"closed","ping_status":"closed","template":"","meta":{"footnotes":""},"class_list":["post-662","page","type-page","status-publish","hentry"],"_links":{"self":[{"href":"https:\/\/alulakool.edu.ee\/index.php?rest_route=\/wp\/v2\/pages\/662","targetHints":{"allow":["GET"]}}],"collection":[{"href":"https:\/\/alulakool.edu.ee\/index.php?rest_route=\/wp\/v2\/pages"}],"about":[{"href":"https:\/\/alulakool.edu.ee\/index.php?rest_route=\/wp\/v2\/types\/page"}],"author":[{"embeddable":true,"href":"https:\/\/alulakool.edu.ee\/index.php?rest_route=\/wp\/v2\/users\/2"}],"replies":[{"embeddable":true,"href":"https:\/\/alulakool.edu.ee\/index.php?rest_route=%2Fwp%2Fv2%2Fcomments&post=662"}],"version-history":[{"count":26,"href":"https:\/\/alulakool.edu.ee\/index.php?rest_route=\/wp\/v2\/pages\/662\/revisions"}],"predecessor-version":[{"id":3041,"href":"https:\/\/alulakool.edu.ee\/index.php?rest_route=\/wp\/v2\/pages\/662\/revisions\/3041"}],"wp:attachment":[{"href":"https:\/\/alulakool.edu.ee\/index.php?rest_route=%2Fwp%2Fv2%2Fmedia&parent=662"}],"curies":[{"name":"wp","href":"https:\/\/api.w.org\/{rel}","templated":true}]}}