{"id":642,"date":"2019-09-12T10:04:32","date_gmt":"2019-09-12T07:04:32","guid":{"rendered":"https:\/\/alulakool.edu.ee\/?page_id=642"},"modified":"2025-10-15T21:24:14","modified_gmt":"2025-10-15T18:24:14","slug":"kooli-paevakava","status":"publish","type":"page","link":"https:\/\/alulakool.edu.ee\/?page_id=642","title":{"rendered":"Kooli p\u00e4evakava"},"content":{"rendered":"<h4 style=\"text-align: left;\"><strong>Kooli p\u00e4evakava 2025\/2026.\u00a0 \u00f5ppeaastal<\/strong><\/h4>\r\n\r\n<div class=\"wp-block-columns are-vertically-aligned-center is-layout-flex wp-container-core-columns-is-layout-1 wp-block-columns-is-layout-flex\">\r\n<div class=\"wp-block-column is-vertically-aligned-center is-layout-flow wp-block-column-is-layout-flow\" style=\"flex-basis: 100%;\">\r\n<div class=\"wp-block-group\"><div class=\"wp-block-group__inner-container is-layout-flow wp-block-group-is-layout-flow\">\r\n<figure class=\"wp-block-table is-style-stripes\">\r\n<table>\r\n<tbody>\r\n<tr>\r\n<td class=\"has-text-align-left\" data-align=\"left\">8.00 &#8211; 8.30<\/td>\r\n<td><br \/>\u00d5pilaste ja \u00f5petajate kogunemine, ettevalmistus koolip\u00e4evaks<\/td>\r\n<\/tr>\r\n<tr>\r\n<td class=\"has-text-align-left\" data-align=\"left\">8.20<\/td>\r\n<td><br \/>Saabub koolibuss<\/td>\r\n<\/tr>\r\n<tr>\r\n<td class=\"has-text-align-left\" data-align=\"left\"><br \/>8.30 &#8211; 9.10\u00a0<\/td>\r\n<td>1. tund<\/td>\r\n<\/tr>\r\n<tr>\r\n<td class=\"has-text-align-left\" data-align=\"left\"><br \/>9.20 &#8211; 10.00\u00a0 \u00a0<\/td>\r\n<td>2. tund<\/td>\r\n<\/tr>\r\n<tr>\r\n<td class=\"has-text-align-left\" data-align=\"left\"><br \/>10.00 &#8211; 10.20<\/td>\r\n<td>\u00d5uevahetund<\/td>\r\n<\/tr>\r\n<tr>\r\n<td class=\"has-text-align-left\" data-align=\"left\"><br \/>10.20 &#8211; 11.00\u00a0<\/td>\r\n<td>3. tund<\/td>\r\n<\/tr>\r\n<tr>\r\n<td class=\"has-text-align-left\" data-align=\"left\"><br \/>11.10 &#8211; 11.50<\/td>\r\n<td>4. tund<\/td>\r\n<\/tr>\r\n<tr>\r\n<td class=\"has-text-align-left\" data-align=\"left\"><br \/>11.50 &#8211; 12.10\u00a0 \u00a0<\/td>\r\n<td>S\u00f6\u00f6givahetund<\/td>\r\n<\/tr>\r\n<tr>\r\n<td class=\"has-text-align-left\" data-align=\"left\">12.10 &#8211; 12.50<\/td>\r\n<td>5. tund<\/td>\r\n<\/tr>\r\n<tr>\r\n<td class=\"has-text-align-left\" data-align=\"left\">12.20<br \/>Reedel<\/td>\r\n<td>V\u00e4ljub koolibuss<\/td>\r\n<\/tr>\r\n<tr>\r\n<td class=\"has-text-align-left\" data-align=\"left\"><br \/>13.00 &#8211; 13.40<\/td>\r\n<td>6. tund<\/td>\r\n<\/tr>\r\n<tr>\r\n<td class=\"has-text-align-left\" data-align=\"left\">14.05\u00a0<br \/>E, T, K, N<\/td>\r\n<td>V\u00e4ljub koolibuss<\/td>\r\n<\/tr>\r\n<tr>\r\n<td class=\"has-text-align-left\" data-align=\"left\"><br \/>13.50 &#8211; 14.30\u00a0 \u00a0<\/td>\r\n<td>7.\u00a0tund<\/td>\r\n<\/tr>\r\n<\/tbody>\r\n<\/table>\r\n<p>&nbsp;<\/p>\r\n<\/figure>\r\n<\/div><\/div>\r\n<\/div>\r\n<\/div>\r\n","protected":false},"excerpt":{"rendered":"<p>Kooli p\u00e4evakava 2025\/2026.\u00a0 \u00f5ppeaastal 8.00 &#8211; 8.30 \u00d5pilaste ja \u00f5petajate kogunemine, ettevalmistus koolip\u00e4evaks 8.20 Saabub koolibuss 8.30 &#8211; 9.10\u00a0 1. tund 9.20 &#8211; 10.00\u00a0 \u00a0 2. tund 10.00 &#8211; 10.20 \u00d5uevahetund 10.20 &#8211; 11.00\u00a0 3. tund 11.10 &#8211; 11.50 4. tund 11.50 &#8211; 12.10\u00a0 \u00a0 S\u00f6\u00f6givahetund 12.10 &#8211; 12.50 5. tund 12.20Reedel V\u00e4ljub koolibuss 13.00 [&hellip;]<\/p>\n","protected":false},"author":2,"featured_media":0,"parent":0,"menu_order":0,"comment_status":"closed","ping_status":"closed","template":"","meta":{"footnotes":""},"class_list":["post-642","page","type-page","status-publish","hentry"],"_links":{"self":[{"href":"https:\/\/alulakool.edu.ee\/index.php?rest_route=\/wp\/v2\/pages\/642","targetHints":{"allow":["GET"]}}],"collection":[{"href":"https:\/\/alulakool.edu.ee\/index.php?rest_route=\/wp\/v2\/pages"}],"about":[{"href":"https:\/\/alulakool.edu.ee\/index.php?rest_route=\/wp\/v2\/types\/page"}],"author":[{"embeddable":true,"href":"https:\/\/alulakool.edu.ee\/index.php?rest_route=\/wp\/v2\/users\/2"}],"replies":[{"embeddable":true,"href":"https:\/\/alulakool.edu.ee\/index.php?rest_route=%2Fwp%2Fv2%2Fcomments&post=642"}],"version-history":[{"count":23,"href":"https:\/\/alulakool.edu.ee\/index.php?rest_route=\/wp\/v2\/pages\/642\/revisions"}],"predecessor-version":[{"id":2786,"href":"https:\/\/alulakool.edu.ee\/index.php?rest_route=\/wp\/v2\/pages\/642\/revisions\/2786"}],"wp:attachment":[{"href":"https:\/\/alulakool.edu.ee\/index.php?rest_route=%2Fwp%2Fv2%2Fmedia&parent=642"}],"curies":[{"name":"wp","href":"https:\/\/api.w.org\/{rel}","templated":true}]}}