{"id":178,"date":"2018-08-20T13:17:53","date_gmt":"2018-08-20T10:17:53","guid":{"rendered":"https:\/\/alulakool.edu.ee\/?page_id=178"},"modified":"2025-01-14T14:26:25","modified_gmt":"2025-01-14T12:26:25","slug":"tugiteenused","status":"publish","type":"page","link":"https:\/\/alulakool.edu.ee\/?page_id=178","title":{"rendered":"Tugiteenused"},"content":{"rendered":"<h1><span style=\"color: #000000;\"><strong>Alu Kooli tugispetsialistid:<\/strong><\/span><\/h1>\n<h3><strong>Eripedagoog ja HEVKO (hariduslike erivajaduste \u00f5pilaste koordinaator): <\/strong>Tiina Kaffer<\/h3>\n<h5><em><strong><span style=\"color: #000000;\">Eripedagoogi vastuv\u00f5tuaeg:<\/span><\/strong> teisip\u00e4ev 13.00-15.00,\u00a0<span style=\"color: #000000;\">tiina@alulakool.edu.ee<\/span><\/em><\/h5>\n<h5><em><strong>Eripedagoog osale<\/strong><\/em><em><strong>b:<\/strong><\/em><\/h5>\n<ul>\n<li>hariduslike erivajadustega laste v\u00e4ljaselgitamisel<\/li>\n<li>lapse \u00f5pioskuste l\u00e4htetaseme m\u00e4\u00e4ramisel pedagoogiliseks sekkumiseks<\/li>\n<li>kooliv\u00e4liseks n\u00f5ustamiskomisjoniks\u00a0 ettevalmistamisel<\/li>\n<li>kooliv\u00e4lises n\u00f5ustamiskomisjonis eksperdina<\/li>\n<li>vajadusel \u00fcmarlaudades (vestlused koolides ja lasteaedades)<\/li>\n<li>vajadusel koost\u00f6\u00f6v\u00f5rgustike t\u00f6\u00f6s.<\/li>\n<\/ul>\n<h5><strong><em>Eripedagoog n\u00f5ustab:<\/em><\/strong><\/h5>\n<ul>\n<li>lapsevanemaid ja kooli t\u00f6\u00f6tajaid erivajadustega laste arendamisel ja toimetuleku toetamisel<\/li>\n<li>pedagooge lapsele j\u00f5ukohase \u00f5ppematerjali valikul ja erinevate \u00f5pistrateegiate ning v\u00f5tete kasutamise osas<\/li>\n<li>pedagooge IAK, I\u00d5K ja k\u00e4itumise tugikavade koostamisel, hindamise korraldamisel ja vajalike \u00f5ppevormide rakendamisel<\/li>\n<li>pedagooge \u00f5ppematerjalide lihtsustamine osas; tutvustab HEV lastele m\u00f5eldud \u00f5ppematerjale<\/li>\n<li>koolivalmiduse m\u00e4\u00e4ramisel<\/li>\n<li>viib l\u00e4bi \u00f5piabi tunde<\/li>\n<\/ul>\n<h3>Logopeed: Pille Kirsipuu<\/h3>\n<h5>Logopeedi vastuv\u00f5tuaeg on neljap\u00e4eviti, logopeedile@gmail.com<\/h5>\n<h3><\/h3>\n<h3>Sotsiaalpedagoog: Helen Seppel<\/h3>\n<h5>sotsiaalpedagoog@alulakool.edu.ee<\/h5>\n<h3><\/h3>\n<h3><strong>Abi\u00f5petaja:<\/strong><\/h3>\n<h5><strong><em>\u00d5ppija toetamine:<\/em><\/strong><\/h5>\n<ul>\n<li>j\u00e4lgib koost\u00f6\u00f6s hariduslike erivajadustega \u00f5pilaste \u00f5petajaga \u00f5pilasi, vaatleb ps\u00fc\u00fchiliste protsesside, k\u00e4itumise ja k\u00f5ne seisundit;<\/li>\n<li>panustab oma vaatlustulemustega kaasa \u00f5ppija suunamisele, andes t\u00e4helepanekuid edasi \u00f5petajale ja tugispetsialistile;<\/li>\n<li>viib l\u00e4bi individuaaltunde t\u00f5hustatud tuge vajavatele \u00f5pilastele;<\/li>\n<li>teeb eraldi ruumis \u00f5pilastega individuaalset ja grupit\u00f6\u00f6d;<\/li>\n<li>abistab tunnis \u00f5pilast, on \u00f5pilasele ja \u00f5petajale toeks.<\/li>\n<\/ul>\n<h5><strong><em>\u00d5petaja toetamine:<\/em><\/strong><\/h5>\n<ul>\n<li>t\u00f6\u00f6tab \u00f5petaja juhendamisel \u00f5pilasega \u00f5ppetunnis ja individuaalselt;<\/li>\n<li>abistab \u00f5petajat igap\u00e4evase \u00f5ppetegevuse planeerimisel;<\/li>\n<li>aitab \u00f5petajal ette valmistada \u00f5ppematerjale;<\/li>\n<li>abistab \u00f5petajat \u00f5pikeskkonna kujundamisel;<\/li>\n<li>vajadusel eraldub \u00f5pilasega teise ruumi;<\/li>\n<li>on \u00f5petajale toeks \u00f5ppeprotsessis;<\/li>\n<li>osaleb vajadusel \u00f5pilase arenguvestlusel;<\/li>\n<li>annab \u00f5petajale sisendeid \u00f5pilaste individuaalse arengu j\u00e4lgimise kaartide t\u00e4itmisel.<\/li>\n<\/ul>\n<h2><\/h2>\n","protected":false},"excerpt":{"rendered":"<p>Alu Kooli tugispetsialistid: Eripedagoog ja HEVKO (hariduslike erivajaduste \u00f5pilaste koordinaator): Tiina Kaffer Eripedagoogi vastuv\u00f5tuaeg: teisip\u00e4ev 13.00-15.00,\u00a0tiina@alulakool.edu.ee Eripedagoog osaleb: hariduslike erivajadustega laste v\u00e4ljaselgitamisel lapse \u00f5pioskuste l\u00e4htetaseme m\u00e4\u00e4ramisel pedagoogiliseks sekkumiseks kooliv\u00e4liseks n\u00f5ustamiskomisjoniks\u00a0 ettevalmistamisel kooliv\u00e4lises n\u00f5ustamiskomisjonis eksperdina vajadusel \u00fcmarlaudades (vestlused koolides ja lasteaedades) vajadusel koost\u00f6\u00f6v\u00f5rgustike t\u00f6\u00f6s. Eripedagoog n\u00f5ustab: lapsevanemaid ja kooli t\u00f6\u00f6tajaid erivajadustega laste arendamisel ja toimetuleku toetamisel [&hellip;]<\/p>\n","protected":false},"author":2,"featured_media":0,"parent":0,"menu_order":0,"comment_status":"closed","ping_status":"closed","template":"","meta":{"footnotes":""},"class_list":["post-178","page","type-page","status-publish","hentry"],"_links":{"self":[{"href":"https:\/\/alulakool.edu.ee\/index.php?rest_route=\/wp\/v2\/pages\/178","targetHints":{"allow":["GET"]}}],"collection":[{"href":"https:\/\/alulakool.edu.ee\/index.php?rest_route=\/wp\/v2\/pages"}],"about":[{"href":"https:\/\/alulakool.edu.ee\/index.php?rest_route=\/wp\/v2\/types\/page"}],"author":[{"embeddable":true,"href":"https:\/\/alulakool.edu.ee\/index.php?rest_route=\/wp\/v2\/users\/2"}],"replies":[{"embeddable":true,"href":"https:\/\/alulakool.edu.ee\/index.php?rest_route=%2Fwp%2Fv2%2Fcomments&post=178"}],"version-history":[{"count":33,"href":"https:\/\/alulakool.edu.ee\/index.php?rest_route=\/wp\/v2\/pages\/178\/revisions"}],"predecessor-version":[{"id":2480,"href":"https:\/\/alulakool.edu.ee\/index.php?rest_route=\/wp\/v2\/pages\/178\/revisions\/2480"}],"wp:attachment":[{"href":"https:\/\/alulakool.edu.ee\/index.php?rest_route=%2Fwp%2Fv2%2Fmedia&parent=178"}],"curies":[{"name":"wp","href":"https:\/\/api.w.org\/{rel}","templated":true}]}}