{"id":1701,"date":"2022-11-15T09:14:08","date_gmt":"2022-11-15T07:14:08","guid":{"rendered":"https:\/\/alulakool.edu.ee\/?page_id=1701"},"modified":"2026-03-17T20:02:34","modified_gmt":"2026-03-17T18:02:34","slug":"opilasesindus-2","status":"publish","type":"page","link":"https:\/\/alulakool.edu.ee\/?page_id=1701","title":{"rendered":"\u00d5pilasesindus"},"content":{"rendered":"\r\n<p><strong>2025 \/2026 \u00f5ppeaastal kuuluvad \u00f5pilasesindusse:<\/strong><\/p>\r\n<p>\r\n\r\n<\/p>\r\n<p>Melissa Hallapuu &#8211; 4. klass &#8211; \u00d5E president<\/p>\r\n<p>Deliise Reinvart &#8211; 4. klass<\/p>\r\n<p>Emili Saar &#8211; 4. klass<\/p>\r\n<p>Lucas Savvi &#8211; 3. klass<\/p>\r\n<p>Remo Paasma &#8211; 3. klass<\/p>\r\n<p>Rihhard Reinhold &#8211; 2. klass<\/p>\r\n<p>\r\n\r\n\r\n\r\n\r\n\r\n<\/p>\r\n<p>Marta Laht &#8211; 1. klass<\/p>\r\n<p>Natali S\u00e4inas &#8211; 1.klass<\/p>\r\n<p>\r\n\r\n<\/p>\r\n<p><a href=\"https:\/\/alulakool.edu.ee\/wp-content\/uploads\/2026\/03\/OE-koosolek17.03-26.docx\">\u00d5E koosolek 17.03.26<\/a><\/p>\r\n\r\n\r\n\r\n<p>&nbsp;<\/p>\r\n<p>&nbsp;<\/p>\r\n<p>&nbsp;<\/p>\r\n<p>&nbsp;<\/p>\r\n<p><strong>2025 \/2026 \u00f5ppeaastal kuuluvad \u00f5pilasesindusse:<\/strong><\/p>\r\n\r\n\r\n\r\n<p>Melissa Hallapuu &#8211; 4. klass &#8211; \u00d5E president<\/p>\r\n<p>Deliise Reinvart &#8211; 4. klass<\/p>\r\n<p>Emili Saar &#8211; 4. klass<\/p>\r\n<p>Lucas Savvi &#8211; 3. klass<\/p>\r\n<p>Remo Paasma &#8211; 3. klass<\/p>\r\n<p>Rihhard Reinhold &#8211; 2. klass<\/p>\r\n\r\n\r\n\r\n\r\n\r\n\r\n\r\n<p>Marta Laht &#8211; 1. klass<\/p>\r\n<p>Natali S\u00e4inas &#8211; 1.klass<\/p>\r\n<p>&nbsp;<\/p>\r\n\r\n\r\n\r\n<p>&nbsp;<\/p>\r\n\r\n\r\n\r\n<p>&nbsp;<\/p>\r\n\r\n\r\n\r\n<p>&nbsp;<\/p>\r\n\r\n\r\n\r\n<p>&nbsp;<\/p>\r\n\r\n\r\n\r\n<p>&nbsp;<\/p>\r\n\r\n\r\n\r\n<p><strong>Alu Kooli \u00f5pilasesindus loodi 9. novembril 2022 aastal.<\/strong><\/p>\r\n\r\n\r\n\r\n<p>MINI-\u00d5PILASESINDUSE presidendiks soovis saada MARIBELL LAHE.<\/p>\r\n\r\n\r\n\r\n<p>Nimekiri:<\/p>\r\n\r\n\r\n\r\n<p>Maribell Lahe \u2013 4. E klassi esindaja<\/p>\r\n\r\n\r\n\r\n<p>Mattias H\u00e4rmsalu \u2013 4. E klassi esindaja<\/p>\r\n\r\n\r\n\r\n<p>Hanna- Liisa Babt\u0161enko \u2013 3. klassi esindaja<\/p>\r\n\r\n\r\n\r\n<p>Oskar Kivisalu \u2013 3. klassi esindaja<\/p>\r\n\r\n\r\n\r\n<p>Rudolf Luis Kivi \u2013 4. klassi esindaja<\/p>\r\n\r\n\r\n\r\n<p>Katre Kurvits \u2013 4. klassi esindaja<\/p>\r\n\r\n\r\n\r\n<p>Treven Suurm\u00e4gi \u2013 2 klassi esindaja<\/p>\r\n\r\n\r\n\r\n<p>Peeter Ivanov \u2013 2. klassi esindaja<\/p>\r\n\r\n\r\n\r\n<p>Marcus Maidla \u2013 2. klassi esindaja<\/p>\r\n\r\n\r\n\r\n<p>Jette Essi \u2013 2. klassi esindaja<\/p>\r\n\r\n\r\n\r\n<p>&nbsp;<\/p>\r\n\r\n\r\n\r\n<p>&nbsp;<\/p>\r\n","protected":false},"excerpt":{"rendered":"<p>2025 \/2026 \u00f5ppeaastal kuuluvad \u00f5pilasesindusse: Melissa Hallapuu &#8211; 4. klass &#8211; \u00d5E president Deliise Reinvart &#8211; 4. klass Emili Saar &#8211; 4. klass Lucas Savvi &#8211; 3. klass Remo Paasma &#8211; 3. klass Rihhard Reinhold &#8211; 2. klass Marta Laht &#8211; 1. klass Natali S\u00e4inas &#8211; 1.klass \u00d5E koosolek 17.03.26 &nbsp; &nbsp; &nbsp; &nbsp; 2025 [&hellip;]<\/p>\n","protected":false},"author":1,"featured_media":0,"parent":0,"menu_order":0,"comment_status":"closed","ping_status":"closed","template":"","meta":{"footnotes":""},"class_list":["post-1701","page","type-page","status-publish","hentry"],"_links":{"self":[{"href":"https:\/\/alulakool.edu.ee\/index.php?rest_route=\/wp\/v2\/pages\/1701","targetHints":{"allow":["GET"]}}],"collection":[{"href":"https:\/\/alulakool.edu.ee\/index.php?rest_route=\/wp\/v2\/pages"}],"about":[{"href":"https:\/\/alulakool.edu.ee\/index.php?rest_route=\/wp\/v2\/types\/page"}],"author":[{"embeddable":true,"href":"https:\/\/alulakool.edu.ee\/index.php?rest_route=\/wp\/v2\/users\/1"}],"replies":[{"embeddable":true,"href":"https:\/\/alulakool.edu.ee\/index.php?rest_route=%2Fwp%2Fv2%2Fcomments&post=1701"}],"version-history":[{"count":15,"href":"https:\/\/alulakool.edu.ee\/index.php?rest_route=\/wp\/v2\/pages\/1701\/revisions"}],"predecessor-version":[{"id":3124,"href":"https:\/\/alulakool.edu.ee\/index.php?rest_route=\/wp\/v2\/pages\/1701\/revisions\/3124"}],"wp:attachment":[{"href":"https:\/\/alulakool.edu.ee\/index.php?rest_route=%2Fwp%2Fv2%2Fmedia&parent=1701"}],"curies":[{"name":"wp","href":"https:\/\/api.w.org\/{rel}","templated":true}]}}