{"id":165,"date":"2018-08-20T13:07:21","date_gmt":"2018-08-20T10:07:21","guid":{"rendered":"https:\/\/alulakool.edu.ee\/?page_id=165"},"modified":"2026-03-26T10:49:52","modified_gmt":"2026-03-26T08:49:52","slug":"ruhmad","status":"publish","type":"page","link":"https:\/\/alulakool.edu.ee\/?page_id=165","title":{"rendered":"Lasteaia r\u00fchmad"},"content":{"rendered":"<h6 style=\"line-height: 1.21739;\"><strong style=\"font-size: 16px; color: #000080;\"><img loading=\"lazy\" decoding=\"async\" class=\"wp-image-2409 aligncenter\" src=\"https:\/\/alulakool.edu.ee\/wp-content\/uploads\/2024\/11\/Alukooli-logopilt-.jpg\" alt=\"\" width=\"261\" height=\"184\" srcset=\"https:\/\/alulakool.edu.ee\/wp-content\/uploads\/2024\/11\/Alukooli-logopilt-.jpg 2480w, https:\/\/alulakool.edu.ee\/wp-content\/uploads\/2024\/11\/Alukooli-logopilt--300x211.jpg 300w, https:\/\/alulakool.edu.ee\/wp-content\/uploads\/2024\/11\/Alukooli-logopilt--1024x722.jpg 1024w, https:\/\/alulakool.edu.ee\/wp-content\/uploads\/2024\/11\/Alukooli-logopilt--768x541.jpg 768w, https:\/\/alulakool.edu.ee\/wp-content\/uploads\/2024\/11\/Alukooli-logopilt--1536x1083.jpg 1536w, https:\/\/alulakool.edu.ee\/wp-content\/uploads\/2024\/11\/Alukooli-logopilt--2048x1444.jpg 2048w\" sizes=\"auto, (max-width: 261px) 100vw, 261px\" \/><\/strong><span style=\"color: #000080;\"><strong>Alu Koolis on <\/strong><strong>1 lastehoiur\u00fchm <\/strong><\/span><span style=\"color: #000080;\"><strong>ja <\/strong><strong>3 l<\/strong><\/span><span style=\"color: #000080;\"><strong>asteaiar\u00fchma Alus <\/strong><\/span><span style=\"color: #000080;\"><strong>ning 1 liitr\u00fchm Kodilas.<\/strong><\/span><\/h6>\n<h3 style=\"text-align: left;\"><span style=\"color: #00ccff;\"><strong>NAERULINNUD<\/strong><\/span><\/h3>\n<p><span style=\"color: #00ccff;\"><strong>1,5-3-aastased (lastehoiur\u00fchm)<\/strong><\/span><\/p>\n<p><span style=\"color: #000080;\"><strong>R\u00fchma telefoninumber: 56233073<\/strong><\/span><\/p>\n<p><span style=\"color: #000080;\"><strong>\u00d5petajad:<\/strong> Heli V\u00f5igemast, Ulvi Kikkas<\/span><\/p>\n<p><span style=\"color: #000080;\"><strong>Abi\u00f5petajad:<\/strong> Kati Domberg, Kaidi Siim<\/span><\/p>\n<p>&nbsp;<\/p>\n<h3><span style=\"color: #00ccff;\">KAISUKARUD <\/span><\/h3>\n<p><strong><span style=\"color: #00ccff;\">2-4-aastased<\/span><\/strong><\/p>\n<p><span style=\"color: #000080;\">R\u00fchma telefoninumber:<strong> 56252093<\/strong><\/span><\/p>\n<p><span style=\"color: #000080;\">\u00d5petaja: <strong>Kelli Kaljas<\/strong><\/span><\/p>\n<p><span style=\"color: #000080;\">Abi\u00f5petajad: <strong>Elli Reimann, Kette-Liisa Ojamaa\u00a0<\/strong><\/span><\/p>\n<p>&nbsp;<\/p>\n<h3><span style=\"color: #00ccff;\">P\u00c4IKESEJ\u00c4NKUD <\/span><\/h3>\n<p><strong><span style=\"color: #00ccff;\">4-5-aastased<\/span><\/strong><\/p>\n<p><span style=\"color: #000080;\">R\u00fchma telefoninumber:<strong> 58190988<\/strong><\/span><\/p>\n<p><span style=\"color: #000080;\">\u00d5petaja:<strong>\u00a0Maili Graumann<\/strong><\/span><\/p>\n<p><span style=\"color: #000080;\"> Abi\u00f5petajad: <strong>Eve Enok, Elve Valter, Kristi P\u00f5ld<\/strong><\/span><\/p>\n<p>&nbsp;<\/p>\n<h3><span style=\"color: #00ccff;\"><strong>M\u00dcRAKARUD <\/strong><\/span><\/h3>\n<p><span style=\"color: #00ccff;\">5-7-aastased<\/span><\/p>\n<p><span style=\"color: #000080;\">R\u00fchma telefoninumber: <strong>56298928<\/strong><\/span><\/p>\n<p><span style=\"color: #000080;\">\u00d5petaja: <strong>Helen M\u00e4ev\u00e4lja<\/strong><\/span><\/p>\n<p><span style=\"color: #000080;\">Abi\u00f5petajad:<strong> Siret Varim\u00f5is, Piret Ideon\u00a0<\/strong><\/span><\/p>\n<p><strong><span style=\"color: #00ccff;\">ALU LASTEHOIUR\u00dcHMA JA LASTEAIAR\u00dcHMADE MUUSIKA\u00d5PETAJA: <\/span><span style=\"color: #00ccff;\"><span style=\"color: #000080;\">Mari Tammar<\/span><\/span><\/strong><\/p>\n<p>&nbsp;<\/p>\n<h3><span style=\"color: #00ccff;\"><strong>METSAP\u00d5NNI <\/strong><\/span><\/h3>\n<p><span style=\"color: #00ccff;\"><strong>1,5-7-aastased<\/strong><\/span><\/p>\n<p><span style=\"color: #000080;\">R\u00fchma telefoninumber:<strong> 58802830; 4894809<\/strong><\/span><\/p>\n<p><span style=\"color: #000080;\">\u00d5petajad: <strong>Riina K\u00fcnnapas<\/strong><\/span><\/p>\n<p><span style=\"color: #000080;\">Abi\u00f5petajad: <strong>Ivi Va<\/strong><\/span><strong><span style=\"color: #000080;\">iknurm, Helen Viirsalu<\/span><\/strong><\/p>\n<p><span style=\"color: #000000;\"><strong><span style=\"color: #00ccff;\">KODILA METSAP\u00d5NNI R\u00dcHMA MUUSIKA\u00d5PETAJA: <\/span><span style=\"color: #333399;\">Ivi Vaiknurm<\/span><\/strong><\/span><\/p>\n","protected":false},"excerpt":{"rendered":"<p>Alu Koolis on 1 lastehoiur\u00fchm ja 3 lasteaiar\u00fchma Alus ning 1 liitr\u00fchm Kodilas. NAERULINNUD 1,5-3-aastased (lastehoiur\u00fchm) R\u00fchma telefoninumber: 56233073 \u00d5petajad: Heli V\u00f5igemast, Ulvi Kikkas Abi\u00f5petajad: Kati Domberg, Kaidi Siim &nbsp; KAISUKARUD 2-4-aastased R\u00fchma telefoninumber: 56252093 \u00d5petaja: Kelli Kaljas Abi\u00f5petajad: Elli Reimann, Kette-Liisa Ojamaa\u00a0 &nbsp; P\u00c4IKESEJ\u00c4NKUD 4-5-aastased R\u00fchma telefoninumber: 58190988 \u00d5petaja:\u00a0Maili Graumann Abi\u00f5petajad: Eve Enok, Elve [&hellip;]<\/p>\n","protected":false},"author":2,"featured_media":0,"parent":82,"menu_order":2,"comment_status":"closed","ping_status":"closed","template":"","meta":{"footnotes":""},"class_list":["post-165","page","type-page","status-publish","hentry"],"_links":{"self":[{"href":"https:\/\/alulakool.edu.ee\/index.php?rest_route=\/wp\/v2\/pages\/165","targetHints":{"allow":["GET"]}}],"collection":[{"href":"https:\/\/alulakool.edu.ee\/index.php?rest_route=\/wp\/v2\/pages"}],"about":[{"href":"https:\/\/alulakool.edu.ee\/index.php?rest_route=\/wp\/v2\/types\/page"}],"author":[{"embeddable":true,"href":"https:\/\/alulakool.edu.ee\/index.php?rest_route=\/wp\/v2\/users\/2"}],"replies":[{"embeddable":true,"href":"https:\/\/alulakool.edu.ee\/index.php?rest_route=%2Fwp%2Fv2%2Fcomments&post=165"}],"version-history":[{"count":20,"href":"https:\/\/alulakool.edu.ee\/index.php?rest_route=\/wp\/v2\/pages\/165\/revisions"}],"predecessor-version":[{"id":2720,"href":"https:\/\/alulakool.edu.ee\/index.php?rest_route=\/wp\/v2\/pages\/165\/revisions\/2720"}],"up":[{"embeddable":true,"href":"https:\/\/alulakool.edu.ee\/index.php?rest_route=\/wp\/v2\/pages\/82"}],"wp:attachment":[{"href":"https:\/\/alulakool.edu.ee\/index.php?rest_route=%2Fwp%2Fv2%2Fmedia&parent=165"}],"curies":[{"name":"wp","href":"https:\/\/api.w.org\/{rel}","templated":true}]}}