{"id":163,"date":"2018-08-20T12:58:08","date_gmt":"2018-08-20T09:58:08","guid":{"rendered":"https:\/\/alulakool.edu.ee\/?page_id=163"},"modified":"2025-11-24T09:35:31","modified_gmt":"2025-11-24T07:35:31","slug":"projektid","status":"publish","type":"page","link":"https:\/\/alulakool.edu.ee\/?page_id=163","title":{"rendered":"Projektid"},"content":{"rendered":"<h3 dir=\"ltr\"><a href=\"https:\/\/alulakool.edu.ee\/?attachment_id=2924\" rel=\"attachment wp-att-2924\"><img loading=\"lazy\" decoding=\"async\" class=\"alignnone size-full wp-image-2924\" src=\"https:\/\/alulakool.edu.ee\/wp-content\/uploads\/2025\/11\/Projekti-tahvel_kaasav.jpg\" alt=\"\" width=\"841\" height=\"595\" srcset=\"https:\/\/alulakool.edu.ee\/wp-content\/uploads\/2025\/11\/Projekti-tahvel_kaasav.jpg 841w, https:\/\/alulakool.edu.ee\/wp-content\/uploads\/2025\/11\/Projekti-tahvel_kaasav-300x212.jpg 300w, https:\/\/alulakool.edu.ee\/wp-content\/uploads\/2025\/11\/Projekti-tahvel_kaasav-768x543.jpg 768w\" sizes=\"auto, (max-width: 841px) 100vw, 841px\" \/><\/a><\/h3>\n<h4 dir=\"ltr\"><span class=\"C9DxTc \">Projekti nimi: \u201eRoheteadlikud r\u00fcblikud\u201c<\/span><\/h4>\n<p>&#8220;Toetas Eesti riik&#8221;<\/p>\n<h6 dir=\"ltr\"><img loading=\"lazy\" decoding=\"async\" class=\"alignnone wp-image-2700\" src=\"https:\/\/alulakool.edu.ee\/wp-content\/uploads\/2025\/06\/KIK_Toetab_varv.jpg\" alt=\"\" width=\"298\" height=\"168\" srcset=\"https:\/\/alulakool.edu.ee\/wp-content\/uploads\/2025\/06\/KIK_Toetab_varv.jpg 378w, https:\/\/alulakool.edu.ee\/wp-content\/uploads\/2025\/06\/KIK_Toetab_varv-300x169.jpg 300w\" sizes=\"auto, (max-width: 298px) 100vw, 298px\" \/> <img loading=\"lazy\" decoding=\"async\" class=\"alignnone wp-image-2701\" src=\"https:\/\/alulakool.edu.ee\/wp-content\/uploads\/2025\/06\/kliimaministeerium_3lovi_sinine_est.webp\" alt=\"\" width=\"303\" height=\"136\" srcset=\"https:\/\/alulakool.edu.ee\/wp-content\/uploads\/2025\/06\/kliimaministeerium_3lovi_sinine_est.webp 693w, https:\/\/alulakool.edu.ee\/wp-content\/uploads\/2025\/06\/kliimaministeerium_3lovi_sinine_est-300x135.webp 300w\" sizes=\"auto, (max-width: 303px) 100vw, 303px\" \/><\/h6>\n<h6 dir=\"ltr\">Alu lasteaia roheteadlikud r\u00fcblikud vuravad t\u00f5ukeratastel<\/h6>\n<div role=\"textbox\" aria-label=\"Kirja tekst\" aria-multiline=\"true\" aria-controls=\":3k1\" aria-expanded=\"false\">\n<p dir=\"ltr\">Juulis j\u00f5uab l\u00f5pule Alu Kooli lasteaia keskkonnaprojekt \u201eRoheteadlikud r\u00fcblikud\u201c, mille eesm\u00e4rk oli t\u00f5sta laste teadlikkust keskkonnast, kliimast ning keskkonnas\u00f5bralike liikumisviiside m\u00f5just. Projekti toetajaks oli Keskkonnainvesteeringute Keskus, kelle toel said lasteaialapsed teadmisi loodushoidust, keskkonnakaitsest ja rohetehnoloogiatest ning vuravad n\u00fc\u00fcd ringi uute t\u00f5ukeratastega.<\/p>\n<p dir=\"ltr\">Tegemist ei olnud pelgalt liikumisprojektiga \u2013 lastele \u00f5petati lihtsalt ja m\u00e4nguliselt, miks loodus on kaitsmist v\u00e4\u00e4rt, kuidas kliima muutub ning kuidas meie igap\u00e4evased valikud, eriti liikumisviisid, keskkonda m\u00f5jutavad. Loodustunnist meeldis lastele v\u00e4ga katse, kus nad n\u00e4gid, kuidas puhas vesi v\u00f5ib reostuse t\u00f5ttu m\u00e4\u00e4rduda ja kuidas korstnast v\u00f5i auto summutist tossu \u00f5hku tuleb. Teises tunnis oli lastel h\u00e4sti meeles, et inimesed v\u00f5ivad \u00f5hku v\u00f5i vett saastada. <a href=\"https:\/\/alulakool.edu.ee\/wp-content\/uploads\/2025\/06\/Kliima-teemanadal-lasteaias.docx.pdf\">\u00d5ppetegevused ja keskkonnatundisest<\/a> saadud teadmised p\u00f5imiti igap\u00e4evasesse \u00f5ppe- ja kasvatusplaani: vaadeldi loodust, j\u00e4lgiti ilma, arutleti transpordi jalaj\u00e4lje ja t\u00f5ukerataste eeliste \u00fcle. Projekti raames viidi lapsevanemate seas l\u00e4bi k\u00fcsitlus, mille <a href=\"https:\/\/alulakool.edu.ee\/wp-content\/uploads\/2025\/06\/Uksuse-Alu-lasteaia-roherublikute-liikumisviiside-kusimustiku-kokkuvote-.pdf\">tulemusena<\/a> joonistus v\u00e4lja suur eelistus autoga liikuda. Jalgsi ja rattaga liikumise soodustamise peamise ettepanekuna toodi v\u00e4lja vajadus paremate kergliiklus- ning k\u00f5nniteede j\u00e4rele. Potentsiaali keskkonnahoidvamalt liikuda on omajagu, kuid see eeldab turvalisemaid tingimusi, teadlikkust ja harjumuste muutmist.<\/p>\n<p dir=\"ltr\">Lasteaed soetas projekti k\u00e4igus t\u00f5ukerattad koos kiivritega lastele ja \u00f5petajatele, mida kasutatakse \u00f5ues\u00f5ppeks, vabaaja tegevusteks ja liikumistundideks. T\u00f5ukerataste kasutamisega saavad lapsed kogeda keskkonnas\u00f5braliku liikumise praktilist poolt ning \u00f5ppida ka ohutut liiklemist ja rataste hooldust \u2013 panustades seel\u00e4bi ka ringmajandusse.<\/p>\n<p dir=\"ltr\">\n<\/div>\n<p dir=\"ltr\">&#8212;&#8212;&#8212;&#8212;&#8212;&#8212;&#8212;&#8212;&#8212;&#8212;&#8212;&#8212;&#8212;&#8212;&#8212;&#8212;&#8212;&#8212;&#8212;&#8212;&#8212;&#8212;&#8212;&#8212;&#8212;&#8212;&#8212;&#8212;&#8212;&#8212;&#8212;&#8212;&#8212;&#8212;&#8212;&#8212;&#8212;&#8212;&#8212;&#8212;&#8212;&#8212;&#8212;&#8212;&#8212;&#8212;&#8211;<\/p>\n<p class=\"zfr3Q CDt4Ke \" dir=\"ltr\"><span class=\"C9DxTc \">Projekti nimi:\u00a0 <\/span><strong><span class=\"C9DxTc \">&#8220;V\u00e4ikelahendused Rapla valla HEV \u00f5pilaste integreerimiseks tavakoolidesse&#8221;<\/span><\/strong><\/p>\n<p class=\"zfr3Q CDt4Ke \" dir=\"ltr\"><span class=\"C9DxTc \">Projekt nr:\u00a0<\/span><strong><span class=\"C9DxTc \">2014-2020.1.04.20-0285<\/span><\/strong><\/p>\n<h4 style=\"margin-top: 0px; line-height: 1.10526;\"><img loading=\"lazy\" decoding=\"async\" class=\"wp-image-2675 alignright\" src=\"https:\/\/alulakool.edu.ee\/wp-content\/uploads\/2025\/05\/RVK_HEV_PROJEKT.jpg\" alt=\"\" width=\"325\" height=\"187\" srcset=\"https:\/\/alulakool.edu.ee\/wp-content\/uploads\/2025\/05\/RVK_HEV_PROJEKT.jpg 911w, https:\/\/alulakool.edu.ee\/wp-content\/uploads\/2025\/05\/RVK_HEV_PROJEKT-300x172.jpg 300w, https:\/\/alulakool.edu.ee\/wp-content\/uploads\/2025\/05\/RVK_HEV_PROJEKT-768x441.jpg 768w\" sizes=\"auto, (max-width: 325px) 100vw, 325px\" \/><\/h4>\n<p dir=\"ltr\"><span class=\"C9DxTc \">Projekti valmimise aeg: <\/span><strong><span class=\"C9DxTc \">31.12.2021<\/span><\/strong><\/p>\n<p style=\"text-align: left;\">Projekti eesm\u00e4rk on v\u00f5imaldada Rapla valla Alu Koolis \u00f5ppivatele \u00f5pilastele,<br \/>\nkelle terviseseisund v\u00f5i muu erivajadus eeldab kohandusi, kvaliteetset hariduse<br \/>\nomandamise v\u00f5imalust kodul\u00e4hedases koolis koos teiste omaealiste \u00f5pilastega.<br \/>\nAndekus, \u00f5piraskused, terviseseisund, puue, k\u00e4itumis- ja tundeeluh\u00e4ired,<br \/>\npikemaajaline \u00f5ppet\u00f6\u00f6st eemalviibimine v\u00f5i \u00f5ppekeele ebapiisav valdamine<br \/>\nvajab mitmekesist ning \u00fcmberkohandatavat \u00f5pikeskkonda.<\/p>\n<p>Projekti abil Alu Kooli soetatud vahendid:<br \/>\nHelikindla seinaga diivanid \u2013 3 tk<br \/>\nHelisummutav sirm \u2013 2 tk<br \/>\nVolditav matt \u2013 3 tk<br \/>\nMonochord \u2013 1tk<br \/>\nGong ja gonginui \u2013 1 tk<br \/>\nSavip\u00f5letusahi \u2013 1 tk<br \/>\nLED puutetahvel 75\u201c \u2013 1 tk<br \/>\nHelikindlad k\u00f5rvaklapid \u2013 10 tk<br \/>\nDigitaalne graafikalaud \u2013 3 tk<\/p>\n<h4>&#8212;&#8212;&#8212;&#8212;&#8212;&#8212;&#8212;&#8212;&#8212;&#8212;&#8212;&#8212;&#8212;&#8212;&#8212;&#8212;&#8212;&#8212;&#8212;&#8212;&#8212;&#8212;&#8212;&#8212;&#8212;&#8212;&#8212;&#8212;&#8211;<\/h4>\n<h4>Alates 2020. aasta kevadest kuulub Alu Kool Liikuma Kutsuva Kooli v\u00f5rgustikku.<\/h4>\n<h2><img loading=\"lazy\" decoding=\"async\" class=\"wp-image-1057 alignleft\" src=\"https:\/\/alulakool.edu.ee\/wp-content\/uploads\/2020\/09\/logo.png\" alt=\"\" width=\"218\" height=\"218\" srcset=\"https:\/\/alulakool.edu.ee\/wp-content\/uploads\/2020\/09\/logo.png 385w, https:\/\/alulakool.edu.ee\/wp-content\/uploads\/2020\/09\/logo-150x150.png 150w, https:\/\/alulakool.edu.ee\/wp-content\/uploads\/2020\/09\/logo-300x300.png 300w\" sizes=\"auto, (max-width: 218px) 100vw, 218px\" \/><\/h2>\n<p>Kuulume Alu Kooliga tervist edendavate koolide v\u00f5rgustikku ja soovime liituda Liikuma Kutsuva Kooli programmiga, et tuua laste koolip\u00e4eva rohkem liikumist.<\/p>\n<p>K\u00f5ik lapsed ja noored vanuses 5\u201317 aastat peaksid aktiivselt liikuma iga p\u00e4ev v\u00e4hemat 60 minutit &#8211; see on vajalik eeldus nende tervise, arengu ja ka \u00f5ppimisv\u00f5ime jaoks. Selleks, et me saaksime programmiga liituda, t\u00e4iustame ka Alu Kooli \u00f5pilaste ja lasteaialaste p\u00e4eva erinevate liikumistegevustega.<\/p>\n<p>&nbsp;<\/p>\n<p>&nbsp;<\/p>\n<p>&#8212;&#8212;&#8212;&#8212;&#8212;&#8212;&#8212;&#8212;&#8212;&#8212;&#8212;&#8212;&#8212;&#8212;&#8212;&#8212;&#8212;&#8212;&#8212;&#8212;&#8212;&#8212;&#8212;&#8212;&#8212;&#8212;&#8212;&#8212;&#8212;&#8212;&#8212;&#8212;&#8212;&#8212;&#8212;&#8212;&#8212;&#8212;&#8212;&#8212;&#8212;&#8212;&#8212;&#8212;&#8212;&#8212;&#8211;<\/p>\n<h4>Meie kool osaleb HITSA poolt korraldatavas DigiKiirendi pilootprogrammis koolimeeskondadele, mille eesm\u00e4rk on tehnoloogia tark kasutus.<\/h4>\n<h4><a href=\"https:\/\/alulakool.edu.ee\/wp-content\/uploads\/2018\/11\/Digikiirendi-Alu-Koolis.pptx\">Digikiirendi Alu Koolis<\/a>\u00a0&#8211; esitlus<\/h4>\n<h4>\u00d5petaja Marika l<strong><span style=\"font-family: 'Calibri','sans-serif'; color: black;\">ugu on \u00fcleval Koolielus <a href=\"https:\/\/koolielu.ee\/info\/readnews\/565554\/internetikasutust-tuleb-lastele-opetada\">https:\/\/koolielu.ee\/info\/readnews\/565554\/internetikasutust-tuleb-lastele-opetada<\/a>\u00a0<\/span><\/strong><\/h4>\n<h4><span style=\"font-family: 'Calibri','sans-serif'; color: black;\">\u00a0<\/span>Digikiirendi l\u00e4htub kooli vajadustest ja suunab digivahendeid igap\u00e4vases \u00f5ppet\u00f6\u00f6s kasutama.<\/h4>\n<p><img loading=\"lazy\" decoding=\"async\" class=\"alignnone size-medium wp-image-313\" src=\"https:\/\/alulakool.edu.ee\/wp-content\/uploads\/2018\/10\/Hitsa-logo-300x145.png\" alt=\"\" width=\"300\" height=\"145\" srcset=\"https:\/\/alulakool.edu.ee\/wp-content\/uploads\/2018\/10\/Hitsa-logo-300x145.png 300w, https:\/\/alulakool.edu.ee\/wp-content\/uploads\/2018\/10\/Hitsa-logo-768x372.png 768w, https:\/\/alulakool.edu.ee\/wp-content\/uploads\/2018\/10\/Hitsa-logo.png 1021w\" sizes=\"auto, (max-width: 300px) 100vw, 300px\" \/><\/p>\n<h2>&#8212;&#8212;&#8212;&#8212;&#8212;&#8212;&#8212;&#8212;&#8212;&#8212;&#8212;&#8212;&#8212;&#8212;&#8212;&#8212;&#8212;&#8212;&#8212;&#8212;&#8212;&#8212;&#8212;&#8212;&#8212;&#8212;-<\/h2>\n<h4><img loading=\"lazy\" decoding=\"async\" class=\"alignnone size-full wp-image-312\" src=\"https:\/\/alulakool.edu.ee\/wp-content\/uploads\/2018\/10\/KIK.jpg\" alt=\"\" width=\"224\" height=\"103\" \/>\u00a0<strong>Alu Kooli keskkonnatedlikkuse \u00f5ues\u00f5ppeprogramm 2018.a. rahastati 948 euro ulatuses.<\/strong><\/h4>\n<p>\u00d5pilased k\u00fclastasid Mukre raba, kus neile tutvustati raba elukoosolust.<\/p>\n<p><img loading=\"lazy\" decoding=\"async\" class=\"alignnone size-medium wp-image-289\" src=\"https:\/\/alulakool.edu.ee\/wp-content\/uploads\/2018\/10\/EL_Sotsiaalfond_horisontaalne-1-300x158.jpg\" alt=\"\" width=\"300\" height=\"158\" srcset=\"https:\/\/alulakool.edu.ee\/wp-content\/uploads\/2018\/10\/EL_Sotsiaalfond_horisontaalne-1-300x158.jpg 300w, https:\/\/alulakool.edu.ee\/wp-content\/uploads\/2018\/10\/EL_Sotsiaalfond_horisontaalne-1-768x406.jpg 768w, https:\/\/alulakool.edu.ee\/wp-content\/uploads\/2018\/10\/EL_Sotsiaalfond_horisontaalne-1-1024x541.jpg 1024w\" sizes=\"auto, (max-width: 300px) 100vw, 300px\" \/><\/p>\n<h2>&#8212;&#8212;&#8212;&#8212;&#8212;&#8212;&#8212;&#8212;&#8212;&#8212;&#8212;&#8212;&#8212;&#8212;&#8212;&#8212;&#8212;&#8212;&#8212;&#8212;&#8212;&#8212;&#8212;&#8212;&#8212;&#8212;-<\/h2>\n<h4>8.6 \u00d5petajate ja koolijuhtide professionaalse arengu toetamine\u201c;<\/h4>\n<p>\u201eP\u00e4devad ja motiveeritud \u00f5petajad ning haridusasutuste juhid\u201c<br \/>\nTAT kood: 2014-2020.1.02.001002.02.15-0002<\/p>\n<h5><strong>Sihtasutsu Innove rahastusel sai teoks Alu Kooli &#8221; Koolip\u00f5hise koolimeeskonna \u00f5pi\u00fcritus&#8221;.<\/strong><\/h5>\n<h3>Alu Kooli esitatud taotlus projekti &#8221; V\u00e4\u00e4rtusp\u00f5hine meeskonnat\u00f6\u00f6 koolis&#8221; elluviimiseks rahastati taotlus abik\u00f5lbulike kulude <strong>kogumaksumuses <em>4265 euro ulatuses<\/em><\/strong><em>.<\/em> Projekti abik\u00f5lbulikkuse periood 15.03.2018-15.09.2018<\/h3>\n<p>Projekti eesm\u00e4rk:<\/p>\n<table>\n<tbody>\n<tr>\n<td width=\"610\"><strong>\u00dchtse v\u00e4\u00e4rtusp\u00f5hise koolikultuuriga koost\u00f6ise meeskonna kujundamine, (kellel on \u00fchine visioon, eesm\u00e4rk, v\u00e4\u00e4rtused ja koost\u00f6\u00f6kokkulepped), et toetada kaasava hariduse rakendamist<\/strong><strong>.<\/strong><\/td>\n<\/tr>\n<tr>\n<td width=\"610\">\u00b7\u00a0\u00a0\u00a0\u00a0\u00a0\u00a0\u00a0\u00a0 Luua organisatsioonis k\u00e4itumiskultuur, mis l\u00e4htub riiklikus \u00f5ppekavas p\u00fcstitatud ja organisatsioonis kokkulepitud v\u00e4\u00e4rtustest.<\/p>\n<p>\u00b7\u00a0\u00a0\u00a0\u00a0\u00a0\u00a0\u00a0\u00a0 Anal\u00fc\u00fcsida organisatsiooni liikmete poolt\u00a0 organisatsioonis kokkulepitud\u00a0 v\u00e4\u00e4rtusi ja \u00fchist arusaama v\u00e4\u00e4rtustest.<\/p>\n<p>\u00b7\u00a0\u00a0\u00a0\u00a0\u00a0\u00a0\u00a0\u00a0 Luua lasteaias ja koolis\u00a0 arengukeskkond, mis kannaks endas kokkulepitud v\u00e4\u00e4rtusi ja toetaks laste , \u00f5pilaste, isiksuste terviklikku\u00a0arengut.<\/p>\n<p>\u00b7\u00a0\u00a0\u00a0\u00a0\u00a0\u00a0\u00a0\u00a0 Luua lasteaias ja koolis\u00a0 \u00fchise \u00f5ppimise tulemusena lapsi ja peresid toetav keskkond, kus on arengu- ja koost\u00f6\u00f6p\u00f5hine \u00f5pik\u00e4situs.<\/p>\n<p>\u00b7\u00a0\u00a0\u00a0\u00a0\u00a0\u00a0\u00a0\u00a0 Arendada personali enesereflektsiooni oskusi ja vilumusi, et olla oma v\u00e4\u00e4rtushoiakutega lastele ja \u00f5pilastele eeskujuks.<\/td>\n<\/tr>\n<\/tbody>\n<\/table>\n","protected":false},"excerpt":{"rendered":"<p>Projekti nimi: \u201eRoheteadlikud r\u00fcblikud\u201c &#8220;Toetas Eesti riik&#8221; Alu lasteaia roheteadlikud r\u00fcblikud vuravad t\u00f5ukeratastel Juulis j\u00f5uab l\u00f5pule Alu Kooli lasteaia keskkonnaprojekt \u201eRoheteadlikud r\u00fcblikud\u201c, mille eesm\u00e4rk oli t\u00f5sta laste teadlikkust keskkonnast, kliimast ning keskkonnas\u00f5bralike liikumisviiside m\u00f5just. Projekti toetajaks oli Keskkonnainvesteeringute Keskus, kelle toel said lasteaialapsed teadmisi loodushoidust, keskkonnakaitsest ja rohetehnoloogiatest ning vuravad n\u00fc\u00fcd ringi uute t\u00f5ukeratastega. Tegemist [&hellip;]<\/p>\n","protected":false},"author":2,"featured_media":0,"parent":0,"menu_order":0,"comment_status":"closed","ping_status":"closed","template":"","meta":{"footnotes":""},"class_list":["post-163","page","type-page","status-publish","hentry"],"_links":{"self":[{"href":"https:\/\/alulakool.edu.ee\/index.php?rest_route=\/wp\/v2\/pages\/163","targetHints":{"allow":["GET"]}}],"collection":[{"href":"https:\/\/alulakool.edu.ee\/index.php?rest_route=\/wp\/v2\/pages"}],"about":[{"href":"https:\/\/alulakool.edu.ee\/index.php?rest_route=\/wp\/v2\/types\/page"}],"author":[{"embeddable":true,"href":"https:\/\/alulakool.edu.ee\/index.php?rest_route=\/wp\/v2\/users\/2"}],"replies":[{"embeddable":true,"href":"https:\/\/alulakool.edu.ee\/index.php?rest_route=%2Fwp%2Fv2%2Fcomments&post=163"}],"version-history":[{"count":24,"href":"https:\/\/alulakool.edu.ee\/index.php?rest_route=\/wp\/v2\/pages\/163\/revisions"}],"predecessor-version":[{"id":2925,"href":"https:\/\/alulakool.edu.ee\/index.php?rest_route=\/wp\/v2\/pages\/163\/revisions\/2925"}],"wp:attachment":[{"href":"https:\/\/alulakool.edu.ee\/index.php?rest_route=%2Fwp%2Fv2%2Fmedia&parent=163"}],"curies":[{"name":"wp","href":"https:\/\/api.w.org\/{rel}","templated":true}]}}