{"id":1214,"date":"2021-02-16T11:07:29","date_gmt":"2021-02-16T09:07:29","guid":{"rendered":"https:\/\/alulakool.edu.ee\/?page_id=1214"},"modified":"2026-03-02T11:56:47","modified_gmt":"2026-03-02T09:56:47","slug":"kooli-pikapaevaruhma-tegevused","status":"publish","type":"page","link":"https:\/\/alulakool.edu.ee\/?page_id=1214","title":{"rendered":"Pikap\u00e4evar\u00fchm"},"content":{"rendered":"<p><strong>Pikap\u00e4evar\u00fchma p\u00e4evakava<\/strong><\/p>\n<p>13.00-13.45 \u00f5ppet\u00f6\u00f6, paus, joonistamine, lugemine, lauam\u00e4ngude m\u00e4ngimine<\/p>\n<p>13.45 pikap\u00e4evar\u00fchma eine<\/p>\n<p>14.05 \u00f5pilaste koolibussile suunamine<\/p>\n<p>14.oo -15.00 \u00f5ueaeg<\/p>\n<p>14.50 \u2013 15.00 \u00f5pilaste koju ja liinibussidele suunamine<\/p>\n<p>Koolibuss v\u00e4ljub\u00a0 E, T, K, N 14.05 ja R 12.20<\/p>\n","protected":false},"excerpt":{"rendered":"<p>Pikap\u00e4evar\u00fchma p\u00e4evakava 13.00-13.45 \u00f5ppet\u00f6\u00f6, paus, joonistamine, lugemine, lauam\u00e4ngude m\u00e4ngimine 13.45 pikap\u00e4evar\u00fchma eine 14.05 \u00f5pilaste koolibussile suunamine 14.oo -15.00 \u00f5ueaeg 14.50 \u2013 15.00 \u00f5pilaste koju ja liinibussidele suunamine Koolibuss v\u00e4ljub\u00a0 E, T, K, N 14.05 ja R 12.20<\/p>\n","protected":false},"author":2,"featured_media":0,"parent":0,"menu_order":0,"comment_status":"closed","ping_status":"closed","template":"","meta":{"footnotes":""},"class_list":["post-1214","page","type-page","status-publish","hentry"],"_links":{"self":[{"href":"https:\/\/alulakool.edu.ee\/index.php?rest_route=\/wp\/v2\/pages\/1214","targetHints":{"allow":["GET"]}}],"collection":[{"href":"https:\/\/alulakool.edu.ee\/index.php?rest_route=\/wp\/v2\/pages"}],"about":[{"href":"https:\/\/alulakool.edu.ee\/index.php?rest_route=\/wp\/v2\/types\/page"}],"author":[{"embeddable":true,"href":"https:\/\/alulakool.edu.ee\/index.php?rest_route=\/wp\/v2\/users\/2"}],"replies":[{"embeddable":true,"href":"https:\/\/alulakool.edu.ee\/index.php?rest_route=%2Fwp%2Fv2%2Fcomments&post=1214"}],"version-history":[{"count":9,"href":"https:\/\/alulakool.edu.ee\/index.php?rest_route=\/wp\/v2\/pages\/1214\/revisions"}],"predecessor-version":[{"id":3094,"href":"https:\/\/alulakool.edu.ee\/index.php?rest_route=\/wp\/v2\/pages\/1214\/revisions\/3094"}],"wp:attachment":[{"href":"https:\/\/alulakool.edu.ee\/index.php?rest_route=%2Fwp%2Fv2%2Fmedia&parent=1214"}],"curies":[{"name":"wp","href":"https:\/\/api.w.org\/{rel}","templated":true}]}}